{"id":902,"date":"2024-11-25T11:14:13","date_gmt":"2024-11-25T11:14:13","guid":{"rendered":"https:\/\/dev.unitalent.se\/?page_id=902"},"modified":"2024-11-27T12:10:35","modified_gmt":"2024-11-27T12:10:35","slug":"integritetspolicy","status":"publish","type":"page","link":"https:\/\/dev.unitalent.se\/en\/integritetspolicy\/","title":{"rendered":"Integritetspolicy"},"content":{"rendered":"<div class=\"fusion-fullwidth fullwidth-box fusion-builder-row-1 fusion-flex-container has-pattern-background has-mask-background nonhundred-percent-fullwidth non-hundred-percent-height-scrolling\" style=\"--awb-border-radius-top-left:0px;--awb-border-radius-top-right:0px;--awb-border-radius-bottom-right:0px;--awb-border-radius-bottom-left:0px;--awb-background-color:#ffffff;--awb-flex-wrap:wrap;\" ><div class=\"fusion-builder-row fusion-row fusion-flex-align-items-flex-start fusion-flex-content-wrap\" style=\"max-width:104%;margin-left: calc(-4% \/ 2 );margin-right: calc(-4% \/ 2 );\"><div class=\"fusion-layout-column fusion_builder_column fusion-builder-column-0 fusion_builder_column_1_1 1_1 fusion-flex-column fusion-flex-align-self-center\" style=\"--awb-bg-color:#ffffff;--awb-bg-color-hover:#ffffff;--awb-bg-size:cover;--awb-width-large:100%;--awb-margin-top-large:10vh;--awb-spacing-right-large:24%;--awb-margin-bottom-large:20px;--awb-spacing-left-large:24%;--awb-width-medium:100%;--awb-order-medium:0;--awb-spacing-right-medium:24%;--awb-spacing-left-medium:24%;--awb-width-small:100%;--awb-order-small:0;--awb-spacing-right-small:1.92%;--awb-spacing-left-small:1.92%;\"><div class=\"fusion-column-wrapper fusion-column-has-shadow fusion-flex-justify-content-center fusion-content-layout-column\"><div class=\"fusion-title title fusion-title-1 fusion-sep-none fusion-title-center fusion-title-text fusion-title-size-two\" style=\"--awb-text-color:#000000;\"><h2 class=\"fusion-title-heading title-heading-center fusion-responsive-typography-calculated\" style=\"margin:0;--fontSize:90;line-height:var(--awb-typography1-line-height);\">Integritetspolicy<\/h2><\/div><div class=\"fusion-text fusion-text-1\" style=\"--awb-content-alignment:center;\"><p><strong>F\u00f6ljande policy har uppr\u00e4ttats f\u00f6r Unitalent AB och \u00e4r senast reviderad 2023-10-20. Ytterst ansvarig f\u00f6r behandling av personuppgifter \u00e4r Unitalent AB, organisationsnummer 556613-3558, via utsedd VD och styrelse.<\/strong><\/p>\n<\/div><\/div><\/div><div class=\"fusion-layout-column fusion_builder_column fusion-builder-column-1 fusion_builder_column_1_1 1_1 fusion-flex-column\" style=\"--awb-bg-size:cover;--awb-width-large:100%;--awb-margin-top-large:0px;--awb-spacing-right-large:1.92%;--awb-margin-bottom-large:20px;--awb-spacing-left-large:1.92%;--awb-width-medium:100%;--awb-order-medium:0;--awb-spacing-right-medium:1.92%;--awb-spacing-left-medium:1.92%;--awb-width-small:100%;--awb-order-small:0;--awb-spacing-right-small:1.92%;--awb-spacing-left-small:1.92%;\"><div class=\"fusion-column-wrapper fusion-column-has-shadow fusion-flex-justify-content-flex-start fusion-content-layout-column\"><div class=\"fusion-title title fusion-title-2 fusion-sep-none fusion-title-text fusion-title-size-four\"><h4 class=\"fusion-title-heading title-heading-left fusion-responsive-typography-calculated\" style=\"margin:0;--fontSize:40;line-height:var(--awb-typography1-line-height);\">Syfte<\/h4><\/div><div class=\"fusion-text fusion-text-2\"><p>Unitalent AB, vidare ben\u00e4mnt Unitalent eller vi, \u00e4r m\u00e5na om att hantera integritetsfr\u00e5gor korrekt. Du ska kunna k\u00e4nna dig trygg n\u00e4r du anf\u00f6rtror oss dina personuppgifter &#8211; d\u00e4rf\u00f6r har vi uppr\u00e4ttat den h\u00e4r policyn. Den utg\u00e5r fr\u00e5n g\u00e4llande europeiska dataskyddslagstiftning GDPR och f\u00f6rtydligar hur vi jobbar f\u00f6r att ta tillvara dina r\u00e4ttigheter och din integritet.<\/p>\n<p>Syftet med den h\u00e4r policyn \u00e4r att du ska fa\u030a veta hur vi behandlar dina personuppgifter, vad vi anv\u00e4nder dem till, vilka som f\u00e5r ta del av dem och under vilka f\u00f6ruts\u00e4ttningar samt hur du kan ta tillvara dina r\u00e4ttigheter.<\/p>\n<\/div><div class=\"fusion-title title fusion-title-3 fusion-sep-none fusion-title-text fusion-title-size-four\"><h4 class=\"fusion-title-heading title-heading-left fusion-responsive-typography-calculated\" style=\"margin:0;--fontSize:40;line-height:var(--awb-typography1-line-height);\">Bakgrund<\/h4><\/div><div class=\"fusion-text fusion-text-3\"><p>Vi behandlar dina personuppgifter fr\u00e4mst f\u00f6r att fullf\u00f6lja v\u00e5ra f\u00f6rpliktelser mot dig. V\u00e5r utg\u00e5ngspunkt \u00e4r att inte behandla fler personuppgifter \u00e4n vad som beh\u00f6vs f\u00f6r \u00e4ndam\u00e5let, och vi str\u00e4var alltid efter att anv\u00e4nda de minst integritetsk\u00e4nsliga uppgifterna.<\/p>\n<p>Vi beh\u00f6ver ocks\u00e5 dina personuppgifter f\u00f6r att ge dig bra service exempelvis vad g\u00e4ller matchning till uppdrag, anst\u00e4llning och information. Vi kan ocks\u00e5\u030a beh\u00f6va dina personuppgifter f\u00f6r att uppfylla lagar.<\/p>\n<\/div><div class=\"fusion-title title fusion-title-4 fusion-sep-none fusion-title-text fusion-title-size-four\"><h4 class=\"fusion-title-heading title-heading-left fusion-responsive-typography-calculated\" style=\"margin:0;--fontSize:40;line-height:var(--awb-typography1-line-height);\">Personuppgifter<\/h4><\/div><div class=\"fusion-text fusion-text-4\"><p>Personuppgifter \u00e4r all slags information som direkt eller indirekt kan h\u00e4nf\u00f6ras till en fysisk person som \u00e4r i livet. Det r\u00f6r till exempel personnummer, personnamn, adress, personliga email-adresser men \u00e4ven personliga fakta som etnicitet eller uppgifter om h\u00e4lsotillst\u00e5nd. Dataskyddslagstiftningen inbegriper alla former av behandling av uppgifterna s\u00e5som insamling, registrering, organisering, strukturering, lagring, bearbetning, \u00f6verf\u00f6ring och radering.<\/p>\n<\/div><div class=\"fusion-title title fusion-title-5 fusion-sep-none fusion-title-text fusion-title-size-four\"><h4 class=\"fusion-title-heading title-heading-left fusion-responsive-typography-calculated\" style=\"margin:0;--fontSize:40;line-height:var(--awb-typography1-line-height);\">Vilka personuppgifter behandlar vi?<\/h4><\/div><div class=\"fusion-text fusion-text-5\"><p>Vi behandlar endast personuppgifter n\u00e4r vi har laglig grund. H\u00e4r f\u00f6ljer exempel p\u00e5\u030a personuppgifter vi behandlar:<\/p>\n<p>&#8211; Namn<\/p>\n<p>&#8211; Personnummer<\/p>\n<p>&#8211; Postadress<\/p>\n<p>&#8211; E-postadress<\/p>\n<p>&#8211; Telefonnummer<\/p>\n<p>&#8211; Bankuppgifter<\/p>\n<p>&#8211; Fotografier, video och ljud<\/p>\n<p>&#8211; Uppgifter som du registrerat sj\u00e4lvmant och frivilligt uppger inneh\u00e5ll som du sj\u00e4lv publicerar, s.k. anv\u00e4ndargenererat inneh\u00e5ll<\/p>\n<p>Vilka uppgifter vi samlar in varierar fr\u00e5n fall till fall d\u00e5 det alltid ska finnas ett syfte med insamlingen och hanteringen. Vi lagrar eller \u00f6verfor aldrig k\u00e4nsliga personuppgifter s\u00e5som:<\/p>\n<p>&#8211; Ras eller etniskt ursprung, politiska \u00e5sikter, religi\u00f6s \u00f6vertygelse<\/p>\n<p>&#8211; Uppgifter om h\u00e4lsa<\/p>\n<p>&#8211; Uppgifter om en persons sexualliv eller sexuell l\u00e4ggning<\/p>\n<p>&#8211; Medlemskap i fackf\u00f6rening<\/p>\n<p>&#8211; Genetiska uppgifter eller biometriska uppgifter f\u00f6r att entydigt identifiera en fysisk person<\/p>\n<\/div><div class=\"fusion-title title fusion-title-6 fusion-sep-none fusion-title-text fusion-title-size-four\"><h4 class=\"fusion-title-heading title-heading-left fusion-responsive-typography-calculated\" style=\"margin:0;--fontSize:40;line-height:var(--awb-typography1-line-height);\">Hur f\u00e5r vi tillg\u00e5ng till dina personuppgifter?<\/h4><\/div><div class=\"fusion-text fusion-text-6\"><p>De flesta personuppgifter som vi behandlar om dig \u00e4r information som du har valt att ge oss ang\u00e5ende dig sj\u00e4lv i olika situationer. Vi inh\u00e4mtar i relevanta fall ditt samtycke innan vi b\u00f6rjar behandlar dina personuppgifter.<\/p>\n<p>Vi f\u00e5r tillg\u00e5ng till dina personuppgifter p\u00e5\u030a f\u00f6ljande s\u00e4tt:<\/p>\n<p>&#8211; Uppgifter som du tillhandah\u00e5ller oss direkt<\/p>\n<p>&#8211; Uppgifter som du tillhandah\u00e5ller n\u00e4r du g\u00f6r en intresseanm\u00e4lan p\u00e5\u030a v\u00e5r hemsida f\u00f6r att arbeta som konsult hos oss<\/p>\n<p>&#8211; Uppgifter som du l\u00e4mnar i v\u00e5rt kontaktformul\u00e4r f\u00f6r f\u00f6retag som finns p\u00e5 v\u00e5r hemsida<\/p>\n<p>&#8211; Uppgifter som vi f\u00e5r n\u00e4r du anm\u00e4ler dig till v\u00e5ra event<\/p>\n<p>&#8211; Uppgifter som vi f\u00e5r n\u00e4r du kontaktar oss, s\u00f6ker anst\u00e4llning hos oss, bes\u00f6ker oss eller p\u00e5 annat s\u00e4tt tar kontakt med oss<\/p>\n<\/div><div class=\"fusion-title title fusion-title-7 fusion-sep-none fusion-title-text fusion-title-size-four\"><h4 class=\"fusion-title-heading title-heading-left fusion-responsive-typography-calculated\" style=\"margin:0;--fontSize:40;line-height:var(--awb-typography1-line-height);\">Vilka r\u00e4ttigheter har du i samband med behandlingen av dina personuppgifter?<\/h4><\/div><div class=\"fusion-text fusion-text-7\"><p>Du har n\u00e4r som helst r\u00e4tt att \u00e5terkalla ditt samtycke till att vi behandlar dina personuppgifter. Vi kommer da\u030a inte l\u00e4ngre att behandla de personuppgifter f\u00f6r vilka du l\u00e4mnat samtycke, under f\u00f6ruts\u00e4ttning att det inte beh\u00f6vs f\u00f6r att fullg\u00f6ra v\u00e5ra skyldigheter enligt avtal eller lag. T\u00e4nk p\u00e5 att \u00e5terkallelse av samtycke kan inneb\u00e4ra att vi inte kan fullg\u00f6ra de \u00e5taganden vi har i f\u00f6rh\u00e5llande till dig.<\/p>\n<p>Nedan hittar du en beskrivning av dina r\u00e4ttigheter avseende behandling av dina personuppgifter. Om du vill ut\u00f6va n\u00e5gon av dessa r\u00e4ttigheter, \u00e4r du v\u00e4lkommen att kontakta oss genom att anv\u00e4nda kontaktuppgifterna under rubriken Ansvar nedan.<\/p>\n<\/div><div class=\"fusion-text fusion-text-8\"><p><strong>R\u00e4tt att f\u00e5 tillg\u00e5ng till information<\/strong><\/p>\n<p>Du har r\u00e4tt att f\u00e5 tillg\u00e5ng till information om de personuppgifter vi behandlar om dig och du har ocks\u00e5 r\u00e4tt att beg\u00e4ra r\u00e4ttelse av dina personuppgifter. Vi behandlar din beg\u00e4ran s\u00e5 skyndsamt som m\u00f6jligt.<\/p>\n<p><strong>R\u00e4tten att kontrollera dina personuppgifter<\/strong><\/p>\n<p>Du har r\u00e4tt att n\u00e4r som helst inv\u00e4nda mot bearbetning av dina personuppgifter som grundar sig p\u00e5\u030a v\u00e5rt ber\u00e4ttigade intresse. Under vissa omst\u00e4ndigheter, till exempel om du \u00e5terkallar hela eller en del av ett givet samtycke i behandlingen av personuppgifter, mots\u00e4tter oss v\u00e5r behandling eller om du tror att behandlingen inte \u00e4r n\u00f6dv\u00e4ndig f\u00f6r angivna \u00e4ndam\u00e5l, har du r\u00e4tt att beg\u00e4ra radering eller begr\u00e4nsning av dina personuppgifter. Under vissa omst\u00e4ndigheter har du ocks\u00e5\u030a r\u00e4tt att erh\u00e5lla personuppgifter om dig som du har tillhandah\u00e5llit oss, i ett strukturerat, vanligt och maskinl\u00e4sbart format och har r\u00e4tt att \u00f6verf\u00f6ra s\u00e5dana uppgifter till en annan datakontrollant.<\/p>\n<p><strong>R\u00e4tt att \u00e5terkalla ditt samtycke<\/strong><\/p>\n<p>Du har r\u00e4tt att dra tillbaka ett givet samtycke n\u00e4r som helst. \u00c5terkallandet av samtycke kan emellertid inte ha n\u00e5gon inverkan p\u00e5\u030a v\u00e5r behandling av dina personuppgifter f\u00f6r perioden innan \u00e5terkallandet \u00e4gde rum.<\/p>\n<p><strong>R\u00e4tt att l\u00e4mna in klagom\u00e5l<\/strong><\/p>\n<p>Om du har n\u00e5gra klagom\u00e5l om v\u00e5r behandling av dina personuppgifter har du r\u00e4tt att skicka ett s\u00e5dant klagom\u00e5l till svenska tillsynsmyndigheten.<\/p>\n<p>All kommunikation och \u00e5tg\u00e4rder som vi vidtar i samband med ut\u00f6vandet av dina r\u00e4ttigheter ges gratis. Om du g\u00f6r en uppenbart orimlig eller obeh\u00f6rig f\u00f6rfr\u00e5gan reserverar vi oss dock r\u00e4tten att ta ut en rimlig avgift f\u00f6r de kostnader som uppst\u00e5r f\u00f6r oss f\u00f6r att f\u00f6rse dig med den beg\u00e4rda informationen eller att vidta n\u00f6dv\u00e4ndiga \u00e5tg\u00e4rder f\u00f6r att uppfylla din beg\u00e4ra eller avsl\u00e5 en s\u00e5dan beg\u00e4ran.<\/p>\n<\/div><div class=\"fusion-title title fusion-title-8 fusion-sep-none fusion-title-text fusion-title-size-four\"><h4 class=\"fusion-title-heading title-heading-left fusion-responsive-typography-calculated\" style=\"margin:0;--fontSize:40;line-height:var(--awb-typography1-line-height);\">Vilken information ger vi till dig?<\/h4><\/div><div class=\"fusion-text fusion-text-9\"><p>N\u00e4r vi samlar in dina personuppgifter f\u00f6r f\u00f6rsta g\u00e4ngen informerar vi dig om hur vi kommer hantera personuppgifterna, vad vi kommer att anv\u00e4nda dem till, vilka r\u00e4ttigheter du har enligt dataskyddslagstiftningen och hur du kan ta tillvara dessa. Du kommer ocks\u00e5 att bli informerad om vem som \u00e4r ansvarig f\u00f6r personuppgiftsbehandlingen och hur du kan kontakta oss om du har fr\u00e5gor eller beh\u00f6ver l\u00e4mna en beg\u00e4ran eller f\u00f6rfr\u00e5gan som avser dina personuppgifter och\/eller r\u00e4ttigheter.<\/p>\n<\/div><div class=\"fusion-title title fusion-title-9 fusion-sep-none fusion-title-text fusion-title-size-four\"><h4 class=\"fusion-title-heading title-heading-left fusion-responsive-typography-calculated\" style=\"margin:0;--fontSize:40;line-height:var(--awb-typography1-line-height);\">Behandlas dina personuppgifter p\u00e5 ett betryggande s\u00e4tt?<\/h4><\/div><div class=\"fusion-text fusion-text-10\"><p>Vi utarbetar rutiner och arbetss\u00e4tt f\u00f6r att dina personuppgifter ska hanteras p\u00e5\u030a ett s\u00e4kert s\u00e4tt. Utg\u00e5ngspunkten \u00e4r att endast arbetstagare och andra personer inom organisationen som beh\u00f6ver personuppgifterna f\u00f6r att utf\u00f6ra sina arbetsuppgifter ska ha tillg\u00e5ng till dem.<\/p>\n<p>Vi \u00f6verfor inte personuppgifter i andra fall \u00e4n de som uttryckligen anges i denna policy.<\/p>\n<\/div><div class=\"fusion-title title fusion-title-10 fusion-sep-none fusion-title-text fusion-title-size-four\"><h4 class=\"fusion-title-heading title-heading-left fusion-responsive-typography-calculated\" style=\"margin:0;--fontSize:40;line-height:var(--awb-typography1-line-height);\">Vad g\u00f6r vi med dina personuppgifter och varf\u00f6r g\u00f6r vi det?<\/h4><\/div><div class=\"fusion-text fusion-text-11\"><p>Vi behandlar dina personuppgifter f\u00f6r olika \u00e4ndam\u00e5l. Nedan kan du l\u00e4sa mer om varf\u00f6r och hur vi behandlar dina personuppgifter, vilken r\u00e4ttslig grund eller intresseavv\u00e4gning vi har gjort f\u00f6r bearbetningen.<\/p>\n<p>N\u00e4r vi samlar in dina personuppgifter f\u00f6r f\u00f6rsta g\u00e4ngen informerar vi dig om hur vi kommer hantera personuppgifterna, vad vi kommer att anv\u00e4nda dem till, vilka r\u00e4ttigheter du har enligt dataskyddslagstiftningen och hur du kan ta tillvara dessa. Du kommer ocks\u00e5 att bli informerad om vem som \u00e4r ansvarig f\u00f6r personuppgiftsbehandlingen och hur du kan kontakta oss om du har fr\u00e5gor eller beh\u00f6ver l\u00e4mna en beg\u00e4ran eller <span style=\"color: var(--awb-text-color); font-family: var(--awb-text-font-family); font-size: var(--awb-font-size); font-style: var(--awb-text-font-style); font-weight: var(--awb-text-font-weight); letter-spacing: var(--awb-letter-spacing); text-align: var(--awb-content-alignment); text-transform: var(--awb-text-transform); background-color: var(--awb-bg-color);\">f\u00f6rfr\u00e5gan som avser dina personuppgifter och\/eller r\u00e4ttigheter.<\/span><\/p>\n<\/div><div class=\"fusion-title title fusion-title-11 fusion-sep-none fusion-title-text fusion-title-size-four\"><h4 class=\"fusion-title-heading title-heading-left fusion-responsive-typography-calculated\" style=\"margin:0;--fontSize:40;line-height:var(--awb-typography1-line-height);\">Hur l\u00e4nge lagrar vi dina personuppgifter?<\/h4><\/div><div class=\"fusion-text fusion-text-12\"><p>Samma typ av personuppgifter kan behandlas f\u00f6r olika \u00e4ndam\u00e5l och baseras p\u00e5\u030a olika juridiska sk\u00e4l, till exempel behandling som baseras p\u00e5\u030a v\u00e5ra skyldigheter att uppfylla ett avtal med dig baserat p\u00e5\u030a v\u00e5rt ber\u00e4ttigade intresse eller baserat p\u00e5\u030a ditt samtycke. Det inneb\u00e4r att vissa personuppgifter fortfarande kan lagras av oss \u00e4ven om du tar tillbaka ditt samtycke och den behandling som ditt samtycke g\u00e4ller upph\u00f6r. Detta inneb\u00e4r ocks\u00e5\u030a att vissa personuppgifter kan elimineras fr\u00e5n ett system eftersom det inte l\u00e4ngre \u00e4r n\u00f6dv\u00e4ndigt f\u00f6r ett visst \u00e4ndam\u00e5l men fortfarande lagras i ett annat system baserat p\u00e5\u030a ditt samtycke eller f\u00f6r ett annat syfte som personuppgifterna fortfarande \u00e4r n\u00f6dv\u00e4ndiga f\u00f6r.<\/p>\n<p>N\u00e4r vi behandlar dina personuppgifter baserat p\u00e5\u030a v\u00e5rt ber\u00e4ttigade intresse har du r\u00e4tt att g\u00f6ra inv\u00e4ndningar mot bearbetningen n\u00e4r som helst. Dina personuppgifter kan lagras l\u00e4ngre \u00e4n ovan, i den utstr\u00e4ckning vi \u00e4r skyldiga att g\u00f6ra det enligt lag, f\u00f6reskrifter eller beslut fr\u00e5n myndigheter.<\/p>\n<p>\u00d6vriga personuppgifter som \u00e4r kopplade informationsutskick som baseras p\u00e5\u030a ditt samtycke forts\u00e4tter behandlingen tills du tar tillbaka ditt samtycke eller p\u00e5\u030a annat s\u00e4tt anger att du inte l\u00e4ngre vill bli f\u00f6rem\u00e5l f\u00f6r behandlingen.<\/p>\n<\/div><div class=\"fusion-title title fusion-title-12 fusion-sep-none fusion-title-text fusion-title-size-four\"><h4 class=\"fusion-title-heading title-heading-left fusion-responsive-typography-calculated\" style=\"margin:0;--fontSize:40;line-height:var(--awb-typography1-line-height);\">N\u00e4r l\u00e4mnar vi ut dina personuppgifter?<\/h4><\/div><div class=\"fusion-text fusion-text-13\"><p>V\u00e5r utg\u00e5ngspunkt \u00e4r att inte l\u00e4mna ut dina personuppgifter till tredje part om du inte har samtyckt till det eller om det inte \u00e4r n\u00f6dv\u00e4ndigt f\u00f6r att uppfylla v\u00e5ra \u00e5taganden mot dig eller f\u00f6rpliktelser enligt avtal eller lag. I de fall vi l\u00e4mnar ut personuppgifter till tredje part s\u00e4kerst\u00e4ller vi att personuppgifterna behandlas p\u00e5 ett betryggande s\u00e4tt.<\/p>\n<p><strong>\u00d6verfor vi dina personuppgifter till tredje part?<\/strong><\/p>\n<p>Ja, i vissa fall delar vi dina personuppgifter med tredje part. Vi genomf\u00f6r rimliga tekniska, organisatoriska och r\u00e4ttsliga s\u00e4kerhets\u00e5tg\u00e4rder i enlighet med g\u00e4llande lagstiftningsskydd f\u00f6r att s\u00e4kerst\u00e4lla att dina personuppgifter<\/p>\n<p>hanteras p\u00e5\u030a ett s\u00e4kert s\u00e4tt n\u00e4r uppgifterna \u00f6verfors eller delas med tredje part. Vi s\u00e4ljer inte dina personuppgifter till n\u00e5gon tredje part.<\/p>\n<p><strong>Leverant\u00f6rer av IT-system och deras partners f\u00f6r utveckling och support<\/strong><\/p>\n<p>Vi anv\u00e4nder olika typer av IT-system och tj\u00e4nster som \u00e4r n\u00f6dv\u00e4ndiga f\u00f6r att vi ska kunna erbjuda dig de tj\u00e4nster du beg\u00e4r och f\u00f6r att vi ska kunna bedriva v\u00e5r verksamhet. Dina personuppgifter lagras och bearbetas i n\u00e5gra av dessa. Leverant\u00f6rerna \u00e4r engagerade av oss som v\u00e5ra personuppgiftsbitr\u00e4den och behandlar endast personuppgifter p\u00e5\u030a v\u00e5ra v\u00e4gnar och enligt v\u00e5ra instruktioner.<\/p>\n<p>Om du vill ha mer information om tredje parten som vi delar dina personuppgifter med \u00e4r du alltid v\u00e4lkommen att kontakta oss.<\/p>\n<p>1. Leverant\u00f6r av rekryteringssystem:<\/p>\n<p>Cruitive AB Laxholmstorget 3 602 21 Norrk\u00f6ping<\/p>\n<p>2. Leverant\u00f6r av tidrapporteringssystem:<\/p>\n<p>Milient Software AB Datalinjen 1, 583 30 Link\u00f6ping<\/p>\n<p>3. Leverant\u00f6r av CRM-system:<\/p>\n<p>Citrix Systems, Inc. 851 West Cypress Road, Ft. Lauderdale, FL 33309, USA<\/p>\n<p>Citrix \u00e4r leverant\u00f6r av Podio, det system vi anv\u00e4nder f\u00f6r att ta emot ans\u00f6kningar och fr\u00e5gor via v\u00e5r webbsida. All fysisk lagring av data sker inom EU, genom Amazon Web Services i Irland.<\/p>\n<p>4. Leverant\u00f6r av l\u00f6sningar f\u00f6r e-post och molnlagring:<\/p>\n<p>Link\u00f6pings universitet Link\u00f6pings universitet 581 83 Link\u00f6ping Sverige<\/p>\n<p>Personuppgifter som vi tar emot i form av e-post till v\u00e5ra @liu.se-adresser eller av annan anledning lagrar genom v\u00e5r molnlagringsl\u00f6sning sparas p\u00e5 Link\u00f6pings universitets servrar.<\/p>\n<p>5. Leverant\u00f6r av e-postl\u00f6sning:<\/p>\n<p>Loopia AB Kopparbergsv\u00e4gen 8 722 13 V\u00e4ster\u00e5s<\/p>\n<p>Personuppgifter som vi tar emot i form av e-post till v\u00e5ra @unitalent.se-adresser sparas p\u00e5 Loopias servrar.<\/p>\n<p>6. Leverant\u00f6r av l\u00f6nesystem:<\/p>\n<p>Visma Spcs AB Sambandsv\u00e4gen 5 351 94 V\u00e4xj\u00f6<\/p>\n<p><strong>\u00d6vriga parter<\/strong><\/p>\n<p>Ut\u00f6ver dessa parter blir dina personuppgifter inte delade med n\u00e5gon annan. Dina personuppgifter vidarebefordras inte av oss eller v\u00e5ra representanter f\u00f6r anv\u00e4ndning av ytterligare tredje part i n\u00e5gon form, s\u00e5vida vi inte f\u00e5tt din till\u00e5telse eller \u00e4r skyldiga att g\u00f6ra det enligt lag.<\/p>\n<p>Vi beh\u00e5ller kontrollen \u00f6ver och ansvaret f\u00f6r anv\u00e4ndningen av de personuppgifter som du l\u00e4mnar till oss. Vissa uppgifter kan komma att lagras eller bearbetas i datorer i jurisdiktioner utanf\u00f6r EU och EES-omr\u00e5det, vars f\u00f6reskrifter om personuppgifter kan skilja sig fr\u00e5n den svenska regleringen. I s\u00e5dana fall ser vi till att l\u00e4mpliga skydds\u00e5tg\u00e4rder vidtas f\u00f6r att f\u00f6rs\u00e4kra oss om att de som bearbetar data i det landet uppr\u00e4tth\u00e5ller ett personuppgiftsskydd som \u00e4r minst likv\u00e4rdigt med det som finns i Sverige.<\/p>\n<\/div><div class=\"fusion-title title fusion-title-13 fusion-sep-none fusion-title-text fusion-title-size-four\"><h4 class=\"fusion-title-heading title-heading-left fusion-responsive-typography-calculated\" style=\"margin:0;--fontSize:40;line-height:var(--awb-typography1-line-height);\">Ansvar<\/h4><\/div><div class=\"fusion-text fusion-text-14\"><p>Unitalent AB \u00e4r personuppgiftsansvarig, vilket inneb\u00e4r att vi \u00e4r ansvariga f\u00f6r hur dina personuppgifter behandlas och att dina r\u00e4ttigheter tas tillvara.<\/p>\n<p>Om du har fr\u00e5gor om v\u00e5r behandling av dina personuppgifter eller dina r\u00e4ttigheter i samband med detta, beh\u00f6ver l\u00e4mna en beg\u00e4ran eller f\u00f6rfr\u00e5gan som avser dina personuppgifter och\/eller r\u00e4ttigheter, kan du alltid kontakta oss p\u00e5\u030a adm@unitalent.se. V\u00e5r postadress \u00e4r Unitalent AB, Teknikringen 10, 583 30 Link\u00f6ping.<\/p>\n<\/div><\/div><\/div><\/div><\/div>","protected":false},"excerpt":{"rendered":"","protected":false},"author":1,"featured_media":0,"parent":0,"menu_order":0,"comment_status":"closed","ping_status":"closed","template":"100-width.php","meta":{"footnotes":""},"class_list":["post-902","page","type-page","status-publish","hentry"],"_links":{"self":[{"href":"https:\/\/dev.unitalent.se\/en\/wp-json\/wp\/v2\/pages\/902","targetHints":{"allow":["GET"]}}],"collection":[{"href":"https:\/\/dev.unitalent.se\/en\/wp-json\/wp\/v2\/pages"}],"about":[{"href":"https:\/\/dev.unitalent.se\/en\/wp-json\/wp\/v2\/types\/page"}],"author":[{"embeddable":true,"href":"https:\/\/dev.unitalent.se\/en\/wp-json\/wp\/v2\/users\/1"}],"replies":[{"embeddable":true,"href":"https:\/\/dev.unitalent.se\/en\/wp-json\/wp\/v2\/comments?post=902"}],"version-history":[{"count":3,"href":"https:\/\/dev.unitalent.se\/en\/wp-json\/wp\/v2\/pages\/902\/revisions"}],"predecessor-version":[{"id":1718,"href":"https:\/\/dev.unitalent.se\/en\/wp-json\/wp\/v2\/pages\/902\/revisions\/1718"}],"wp:attachment":[{"href":"https:\/\/dev.unitalent.se\/en\/wp-json\/wp\/v2\/media?parent=902"}],"curies":[{"name":"wp","href":"https:\/\/api.w.org\/{rel}","templated":true}]}}